{"id":75,"date":"2023-11-05T16:29:29","date_gmt":"2023-11-05T16:29:29","guid":{"rendered":"https:\/\/homemarket.live-website.com\/?page_id=75"},"modified":"2023-12-22T18:44:33","modified_gmt":"2023-12-22T18:44:33","slug":"como-funciona","status":"publish","type":"page","link":"https:\/\/homemarketbymancheno.com\/ca\/como-funciona","title":{"rendered":"Com funciona?"},"content":{"rendered":"<div data-elementor-type=\"wp-page\" data-elementor-id=\"75\" class=\"elementor elementor-75\">\n\t\t\t\t\t\t\t<div class=\"elementor-element elementor-element-99a1935 e-flex e-con-boxed e-con e-parent\" data-id=\"99a1935\" data-element_type=\"container\" data-settings=\"{&quot;content_width&quot;:&quot;boxed&quot;}\" data-core-v316-plus=\"true\">\n\t\t\t\t\t<div class=\"e-con-inner\">\n\t\t\t\t<div class=\"elementor-element elementor-element-d5333fd elementor-widget elementor-widget-image\" data-id=\"d5333fd\" data-element_type=\"widget\" data-widget_type=\"image.default\">\n\t\t\t\t<div class=\"elementor-widget-container\">\n\t\t\t<style>\/*! elementor - v3.18.0 - 20-12-2023 *\/\n.elementor-widget-image{text-align:center}.elementor-widget-image a{display:inline-block}.elementor-widget-image a img[src$=\".svg\"]{width:48px}.elementor-widget-image img{vertical-align:middle;display:inline-block}<\/style>\t\t\t\t\t\t\t\t\t\t\t\t<img fetchpriority=\"high\" decoding=\"async\" width=\"300\" height=\"300\" src=\"https:\/\/homemarketbymancheno.com\/wp-content\/uploads\/2023\/11\/LOGO-6b4-300x300.png\" class=\"attachment-medium size-medium wp-image-15\" alt=\"\" srcset=\"https:\/\/homemarketbymancheno.com\/wp-content\/uploads\/2023\/11\/LOGO-6b4-300x300.png 300w, https:\/\/homemarketbymancheno.com\/wp-content\/uploads\/2023\/11\/LOGO-6b4-150x150.png 150w, https:\/\/homemarketbymancheno.com\/wp-content\/uploads\/2023\/11\/LOGO-6b4-100x100.png 100w, https:\/\/homemarketbymancheno.com\/wp-content\/uploads\/2023\/11\/LOGO-6b4.png 500w\" sizes=\"(max-width: 300px) 100vw, 300px\" \/>\t\t\t\t\t\t\t\t\t\t\t\t\t\t\t<\/div>\n\t\t\t\t<\/div>\n\t\t\t\t<div class=\"elementor-element elementor-element-6f7988a elementor-widget elementor-widget-heading\" data-id=\"6f7988a\" data-element_type=\"widget\" data-widget_type=\"heading.default\">\n\t\t\t\t<div class=\"elementor-widget-container\">\n\t\t\t<style>\/*! elementor - v3.18.0 - 20-12-2023 *\/\n.elementor-heading-title{padding:0;margin:0;line-height:1}.elementor-widget-heading .elementor-heading-title[class*=elementor-size-]>a{color:inherit;font-size:inherit;line-height:inherit}.elementor-widget-heading .elementor-heading-title.elementor-size-small{font-size:15px}.elementor-widget-heading .elementor-heading-title.elementor-size-medium{font-size:19px}.elementor-widget-heading .elementor-heading-title.elementor-size-large{font-size:29px}.elementor-widget-heading .elementor-heading-title.elementor-size-xl{font-size:39px}.elementor-widget-heading .elementor-heading-title.elementor-size-xxl{font-size:59px}<\/style><h2 class=\"elementor-heading-title elementor-size-medium\">Disseny i organitzaci\u00f3 de mercats a casa<\/h2>\t\t<\/div>\n\t\t\t\t<\/div>\n\t\t\t\t\t<\/div>\n\t\t\t\t<\/div>\n\t\t<div class=\"elementor-element elementor-element-4f1d577 e-flex e-con-boxed e-con e-parent\" data-id=\"4f1d577\" data-element_type=\"container\" data-settings=\"{&quot;content_width&quot;:&quot;boxed&quot;}\" data-core-v316-plus=\"true\">\n\t\t\t\t\t<div class=\"e-con-inner\">\n\t\t\t\t<div class=\"elementor-element elementor-element-38dc4d3 elementor-widget elementor-widget-spacer\" data-id=\"38dc4d3\" data-element_type=\"widget\" data-widget_type=\"spacer.default\">\n\t\t\t\t<div class=\"elementor-widget-container\">\n\t\t\t<style>\/*! elementor - v3.18.0 - 20-12-2023 *\/\n.elementor-column .elementor-spacer-inner{height:var(--spacer-size)}.e-con{--container-widget-width:100%}.e-con-inner>.elementor-widget-spacer,.e-con>.elementor-widget-spacer{width:var(--container-widget-width,var(--spacer-size));--align-self:var(--container-widget-align-self,initial);--flex-shrink:0}.e-con-inner>.elementor-widget-spacer>.elementor-widget-container,.e-con>.elementor-widget-spacer>.elementor-widget-container{height:100%;width:100%}.e-con-inner>.elementor-widget-spacer>.elementor-widget-container>.elementor-spacer,.e-con>.elementor-widget-spacer>.elementor-widget-container>.elementor-spacer{height:100%}.e-con-inner>.elementor-widget-spacer>.elementor-widget-container>.elementor-spacer>.elementor-spacer-inner,.e-con>.elementor-widget-spacer>.elementor-widget-container>.elementor-spacer>.elementor-spacer-inner{height:var(--container-widget-height,var(--spacer-size))}.e-con-inner>.elementor-widget-spacer.elementor-widget-empty,.e-con>.elementor-widget-spacer.elementor-widget-empty{position:relative;min-height:22px;min-width:22px}.e-con-inner>.elementor-widget-spacer.elementor-widget-empty .elementor-widget-empty-icon,.e-con>.elementor-widget-spacer.elementor-widget-empty .elementor-widget-empty-icon{position:absolute;top:0;bottom:0;left:0;right:0;margin:auto;padding:0;width:22px;height:22px}<\/style>\t\t<div class=\"elementor-spacer\">\n\t\t\t<div class=\"elementor-spacer-inner\"><\/div>\n\t\t<\/div>\n\t\t\t\t<\/div>\n\t\t\t\t<\/div>\n\t\t\t\t\t<\/div>\n\t\t\t\t<\/div>\n\t\t<div class=\"elementor-element elementor-element-e6c5b8b animated-slow e-flex e-con-boxed elementor-invisible e-con e-parent\" data-id=\"e6c5b8b\" data-element_type=\"container\" data-settings=\"{&quot;animation&quot;:&quot;fadeIn&quot;,&quot;content_width&quot;:&quot;boxed&quot;}\" data-core-v316-plus=\"true\">\n\t\t\t\t\t<div class=\"e-con-inner\">\n\t\t\t\t<div class=\"elementor-element elementor-element-af1033c elementor-widget elementor-widget-text-editor\" data-id=\"af1033c\" data-element_type=\"widget\" data-widget_type=\"text-editor.default\">\n\t\t\t\t<div class=\"elementor-widget-container\">\n\t\t\t<style>\/*! elementor - v3.18.0 - 20-12-2023 *\/\n.elementor-widget-text-editor.elementor-drop-cap-view-stacked .elementor-drop-cap{background-color:#69727d;color:#fff}.elementor-widget-text-editor.elementor-drop-cap-view-framed .elementor-drop-cap{color:#69727d;border:3px solid;background-color:transparent}.elementor-widget-text-editor:not(.elementor-drop-cap-view-default) .elementor-drop-cap{margin-top:8px}.elementor-widget-text-editor:not(.elementor-drop-cap-view-default) .elementor-drop-cap-letter{width:1em;height:1em}.elementor-widget-text-editor .elementor-drop-cap{float:left;text-align:center;line-height:1;font-size:50px}.elementor-widget-text-editor .elementor-drop-cap-letter{display:inline-block}<\/style>\t\t\t\t\t\t\t\t\t\t<\/div>\n\t\t\t\t<\/div>\n\t\t\t\t\t<\/div>\n\t\t\t\t<\/div>\n\t\t<div class=\"elementor-element elementor-element-e65aac8 animated-slow e-flex e-con-boxed elementor-invisible e-con e-parent\" data-id=\"e65aac8\" data-element_type=\"container\" data-settings=\"{&quot;animation&quot;:&quot;fadeIn&quot;,&quot;content_width&quot;:&quot;boxed&quot;}\" data-core-v316-plus=\"true\">\n\t\t\t\t\t<div class=\"e-con-inner\">\n\t\t\t\t<div class=\"elementor-element elementor-element-2aebef0 elementor-widget elementor-widget-text-editor\" data-id=\"2aebef0\" data-element_type=\"widget\" data-widget_type=\"text-editor.default\">\n\t\t\t\t<div class=\"elementor-widget-container\">\n\t\t\t\t\t\t\t<h1 style=\"text-align: left;\">\u00a0<strong style=\"text-align: var(--text-align); font-size: 38px;\">Vols donar una segona oportunitat als teus objectes?<\/strong><\/h1>\t\t\t\t\t\t<\/div>\n\t\t\t\t<\/div>\n\t\t\t\t\t<\/div>\n\t\t\t\t<\/div>\n\t\t<div class=\"elementor-element elementor-element-df4849b animated-slow e-flex e-con-boxed elementor-invisible e-con e-parent\" data-id=\"df4849b\" data-element_type=\"container\" data-settings=\"{&quot;background_background&quot;:&quot;gradient&quot;,&quot;animation&quot;:&quot;fadeIn&quot;,&quot;content_width&quot;:&quot;boxed&quot;}\" data-core-v316-plus=\"true\">\n\t\t\t\t\t<div class=\"e-con-inner\">\n\t\t<div class=\"elementor-element elementor-element-910a294 e-con-full e-flex e-con e-child\" data-id=\"910a294\" data-element_type=\"container\" data-settings=\"{&quot;content_width&quot;:&quot;full&quot;}\">\n\t\t\t\t<div class=\"elementor-element elementor-element-a403f2c elementor-widget elementor-widget-text-editor\" data-id=\"a403f2c\" data-element_type=\"widget\" data-widget_type=\"text-editor.default\">\n\t\t\t\t<div class=\"elementor-widget-container\">\n\t\t\t\t\t\t\t<div id=\"comp-lk6vhm5m1\" class=\"KcpHeO tz5f0K comp-lk6vhm5m1 wixui-rich-text\" data-testid=\"richTextElement\"><ul class=\"font_8 wixui-rich-text__text\"><li class=\"wixui-rich-text__text\"><p class=\"font_8 wixui-rich-text__text\" style=\"font-size: 20px; color: #000000;\"><span class=\"wixui-rich-text__text\">Truca'ns: et farem una visita i et farem una valoraci\u00f3 i un inventari<\/span><\/p><\/li><li class=\"wixui-rich-text__text\"><p class=\"font_8 wixui-rich-text__text\" style=\"font-size: 20px; color: #000000;\"><span class=\"wixui-rich-text__text\">Posarem data a l'esdeveniment un cap de setmana<\/span><\/p><\/li><li class=\"wixui-rich-text__text\"><p class=\"font_8 wixui-rich-text__text\" style=\"font-size: 20px; color: #000000;\"><span class=\"wixui-rich-text__text\">Uns dies abans anirem a preparar-ho tot<\/span><\/p><\/li><li class=\"\"><p class=\"font_8 wixui-rich-text__text\" style=\"font-size: 20px; color: #000000;\"><span class=\"wixui-rich-text__text\">Serem f\u00edsicament durant tot l'esdeveniment<\/span><\/p><\/li><li class=\"wixui-rich-text__text\"><p class=\"font_8 wixui-rich-text__text\" style=\"font-size: 20px; color: #000000;\"><span class=\"wixui-rich-text__text\">Quan s'acabi, recollirem tot i farem una nova valoraci\u00f3 amb tu<\/span><\/p><\/li><\/ul><\/div>\t\t\t\t\t\t<\/div>\n\t\t\t\t<\/div>\n\t\t\t\t<\/div>\n\t\t\t\t<div class=\"elementor-element elementor-element-0768dac elementor-widget elementor-widget-image\" data-id=\"0768dac\" data-element_type=\"widget\" data-widget_type=\"image.default\">\n\t\t\t\t<div class=\"elementor-widget-container\">\n\t\t\t\t\t\t\t\t\t\t\t\t\t\t\t<img decoding=\"async\" width=\"1024\" height=\"768\" src=\"https:\/\/homemarketbymancheno.com\/wp-content\/uploads\/2023\/11\/WhatsApp-Image-2023-07-17-at-14.56.22-1024x768.jpeg\" class=\"attachment-large size-large wp-image-298\" alt=\"\" srcset=\"https:\/\/homemarketbymancheno.com\/wp-content\/uploads\/2023\/11\/WhatsApp-Image-2023-07-17-at-14.56.22-1024x768.jpeg 1024w, https:\/\/homemarketbymancheno.com\/wp-content\/uploads\/2023\/11\/WhatsApp-Image-2023-07-17-at-14.56.22-300x225.jpeg 300w, https:\/\/homemarketbymancheno.com\/wp-content\/uploads\/2023\/11\/WhatsApp-Image-2023-07-17-at-14.56.22-768x576.jpeg 768w, https:\/\/homemarketbymancheno.com\/wp-content\/uploads\/2023\/11\/WhatsApp-Image-2023-07-17-at-14.56.22-1536x1152.jpeg 1536w, https:\/\/homemarketbymancheno.com\/wp-content\/uploads\/2023\/11\/WhatsApp-Image-2023-07-17-at-14.56.22.jpeg 2048w\" sizes=\"(max-width: 1024px) 100vw, 1024px\" \/>\t\t\t\t\t\t\t\t\t\t\t\t\t\t\t<\/div>\n\t\t\t\t<\/div>\n\t\t\t\t\t<\/div>\n\t\t\t\t<\/div>\n\t\t<div class=\"elementor-element elementor-element-9112d3c e-flex e-con-boxed e-con e-parent\" data-id=\"9112d3c\" data-element_type=\"container\" data-settings=\"{&quot;content_width&quot;:&quot;boxed&quot;}\" data-core-v316-plus=\"true\">\n\t\t\t\t\t<div class=\"e-con-inner\">\n\t\t\t\t<div class=\"elementor-element elementor-element-e4139c9 elementor-widget elementor-widget-spacer\" data-id=\"e4139c9\" data-element_type=\"widget\" data-widget_type=\"spacer.default\">\n\t\t\t\t<div class=\"elementor-widget-container\">\n\t\t\t\t\t<div class=\"elementor-spacer\">\n\t\t\t<div class=\"elementor-spacer-inner\"><\/div>\n\t\t<\/div>\n\t\t\t\t<\/div>\n\t\t\t\t<\/div>\n\t\t\t\t\t<\/div>\n\t\t\t\t<\/div>\n\t\t<div class=\"elementor-element elementor-element-d337523 animated-slow e-flex e-con-boxed elementor-invisible e-con e-parent\" data-id=\"d337523\" data-element_type=\"container\" data-settings=\"{&quot;animation&quot;:&quot;fadeIn&quot;,&quot;content_width&quot;:&quot;boxed&quot;}\" data-core-v316-plus=\"true\">\n\t\t\t\t\t<div class=\"e-con-inner\">\n\t\t\t\t<div class=\"elementor-element elementor-element-3d83583 elementor-widget__width-initial elementor-widget elementor-widget-text-editor\" data-id=\"3d83583\" data-element_type=\"widget\" data-widget_type=\"text-editor.default\">\n\t\t\t\t<div class=\"elementor-widget-container\">\n\t\t\t\t\t\t\t<h3 class=\"font_3 wixui-rich-text__text\" style=\"font-size: 34px; font-weight: bold; color: #000000; text-align: right;\">Vols donar una nova vida a objectes oblidats?<\/h3>\t\t\t\t\t\t<\/div>\n\t\t\t\t<\/div>\n\t\t\t\t\t<\/div>\n\t\t\t\t<\/div>\n\t\t<div class=\"elementor-element elementor-element-5481618 animated-slow e-flex e-con-boxed elementor-invisible e-con e-parent\" data-id=\"5481618\" data-element_type=\"container\" data-settings=\"{&quot;animation&quot;:&quot;fadeIn&quot;,&quot;content_width&quot;:&quot;boxed&quot;}\" data-core-v316-plus=\"true\">\n\t\t\t\t\t<div class=\"e-con-inner\">\n\t\t<div class=\"elementor-element elementor-element-d920fe8 e-con-full e-flex e-con e-child\" data-id=\"d920fe8\" data-element_type=\"container\" data-settings=\"{&quot;content_width&quot;:&quot;full&quot;}\">\n\t\t\t\t<div class=\"elementor-element elementor-element-3060e11 elementor-widget elementor-widget-image\" data-id=\"3060e11\" data-element_type=\"widget\" data-widget_type=\"image.default\">\n\t\t\t\t<div class=\"elementor-widget-container\">\n\t\t\t\t\t\t\t\t\t\t\t\t\t\t\t<img decoding=\"async\" width=\"768\" height=\"1024\" src=\"https:\/\/homemarketbymancheno.com\/wp-content\/uploads\/2023\/11\/WhatsApp-Image-2023-07-17-at-14.59.24-768x1024.jpeg\" class=\"attachment-large size-large wp-image-297\" alt=\"\" srcset=\"https:\/\/homemarketbymancheno.com\/wp-content\/uploads\/2023\/11\/WhatsApp-Image-2023-07-17-at-14.59.24-768x1024.jpeg 768w, https:\/\/homemarketbymancheno.com\/wp-content\/uploads\/2023\/11\/WhatsApp-Image-2023-07-17-at-14.59.24-225x300.jpeg 225w, https:\/\/homemarketbymancheno.com\/wp-content\/uploads\/2023\/11\/WhatsApp-Image-2023-07-17-at-14.59.24-1152x1536.jpeg 1152w, https:\/\/homemarketbymancheno.com\/wp-content\/uploads\/2023\/11\/WhatsApp-Image-2023-07-17-at-14.59.24.jpeg 1536w\" sizes=\"(max-width: 768px) 100vw, 768px\" \/>\t\t\t\t\t\t\t\t\t\t\t\t\t\t\t<\/div>\n\t\t\t\t<\/div>\n\t\t\t\t<\/div>\n\t\t<div class=\"elementor-element elementor-element-c47ca7e e-con-full e-flex e-con e-child\" data-id=\"c47ca7e\" data-element_type=\"container\" data-settings=\"{&quot;content_width&quot;:&quot;full&quot;}\">\n\t\t\t\t<div class=\"elementor-element elementor-element-4720779 elementor-widget elementor-widget-text-editor\" data-id=\"4720779\" data-element_type=\"widget\" data-widget_type=\"text-editor.default\">\n\t\t\t\t<div class=\"elementor-widget-container\">\n\t\t\t\t\t\t\t<div id=\"comp-lk6vhm5m1\" class=\"KcpHeO tz5f0K comp-lk6vhm5m1 wixui-rich-text\" data-testid=\"richTextElement\"><ul class=\"font_8 wixui-rich-text__text\"><li class=\"wixui-rich-text__text\"><p class=\"font_8 wixui-rich-text__text\" style=\"font-size: 18px; color: #000000;\">Escull l'esdeveniment: apunta l'adre\u00e7a i les dates i vine a veure'ns<\/p><\/li><li class=\"wixui-rich-text__text\"><p class=\"font_8 wixui-rich-text__text\" style=\"font-size: 18px; color: #000000;\">Tot el que veus, \u00e9s a la venda<\/p><\/li><li class=\"wixui-rich-text__text\"><p class=\"font_8 wixui-rich-text__text\" style=\"font-size: 18px; color: #000000;\">Cada objecte, cada cosa, est\u00e0 etiquetada amb el seu preu<\/p><\/li><li class=\"wixui-rich-text__text\"><p class=\"font_8 wixui-rich-text__text\" style=\"font-size: 18px; color: #000000;\">Posem cistells a la teva disposici\u00f3<\/p><\/li><li class=\"wixui-rich-text__text\"><p class=\"font_8 wixui-rich-text__text\" style=\"font-size: 18px; color: #000000;\">Col\u00b7loca al cistell els objectes petits o lleugers que vulguis emportar-te<\/p><\/li><li class=\"wixui-rich-text__text\"><p class=\"font_8 wixui-rich-text__text\" style=\"font-size: 18px; color: #000000;\">Si es tracta de quelcom gran, agafa l'etiqueta. D'aquesta manera sabrem que aquest objecte \u00e9s per tu<\/p><\/li><li class=\"wixui-rich-text__text\"><p class=\"font_8 wixui-rich-text__text\" style=\"font-size: 18px; color: #000000;\">No fem transport: tot all\u00f2 que compris t'ho has d'emportar el mateix dia. No obstant, podem ajudar-te a buscar una soluci\u00f3 si la necessites<\/p><\/li><li class=\"wixui-rich-text__text\"><p class=\"font_8 wixui-rich-text__text\" style=\"font-size: 18px; color: #000000;\">Les compres son definitives, no s'admeten canvis ni devolucions<\/p><\/li><li class=\"wixui-rich-text__text\"><p class=\"font_8 wixui-rich-text__text\" style=\"font-size: 18px; color: #000000;\">Recorda que compres objectes usats, amb les cicatrius i les possibles fallades<\/p><\/li><li class=\"wixui-rich-text__text\"><p class=\"font_8 wixui-rich-text__text\" style=\"font-size: 18px; color: #000000;\">Si ens ho demanes , t'ajudem i assessorem a trobar el millor \u00fas de l'objecte que t'agradi<\/p><\/li><li class=\"wixui-rich-text__text\"><p class=\"font_8 wixui-rich-text__text\" style=\"font-size: 18px; color: #000000;\">I per descomptat, si tens qualsevol dubte,  pregunta'ns<\/p><\/li><\/ul><\/div>\t\t\t\t\t\t<\/div>\n\t\t\t\t<\/div>\n\t\t\t\t<\/div>\n\t\t\t\t\t<\/div>\n\t\t\t\t<\/div>\n\t\t<div class=\"elementor-element elementor-element-c9bcaa6 e-flex e-con-boxed e-con e-parent\" data-id=\"c9bcaa6\" data-element_type=\"container\" data-settings=\"{&quot;content_width&quot;:&quot;boxed&quot;}\" data-core-v316-plus=\"true\">\n\t\t\t\t\t<div class=\"e-con-inner\">\n\t\t\t\t<div class=\"elementor-element elementor-element-70d61f8 elementor-widget elementor-widget-spacer\" data-id=\"70d61f8\" data-element_type=\"widget\" data-widget_type=\"spacer.default\">\n\t\t\t\t<div class=\"elementor-widget-container\">\n\t\t\t\t\t<div class=\"elementor-spacer\">\n\t\t\t<div class=\"elementor-spacer-inner\"><\/div>\n\t\t<\/div>\n\t\t\t\t<\/div>\n\t\t\t\t<\/div>\n\t\t\t\t\t<\/div>\n\t\t\t\t<\/div>\n\t\t\t\t\t\t\t<\/div>","protected":false},"excerpt":{"rendered":"<p>Dise\u00f1o y organizaci\u00f3n de mercadillos en casa \u00a0\u00bfQuieres dar una segunda oportunidad a tus cosas? Ll\u00e1manos: te visitamos y hacemos una valoraci\u00f3n y un inventario Acordaremos un fin de semana para el Mercadillo Unos d\u00edas antes iremos a prepararlo todo Estaremos presentes en todo momento durante el Mercadillo Al finalizar, recogeremos todo y haremos una &hellip;<\/p>\n<p class=\"read-more\"> <a class=\"\" href=\"https:\/\/homemarketbymancheno.com\/ca\/como-funciona\"> <span class=\"screen-reader-text\">Com funciona?<\/span> Llegeix m\u00e9s &raquo;<\/a><\/p>","protected":false},"author":1,"featured_media":0,"parent":0,"menu_order":2,"comment_status":"closed","ping_status":"closed","template":"","meta":{"site-sidebar-layout":"default","site-content-layout":"","ast-site-content-layout":"","site-content-style":"default","site-sidebar-style":"default","ast-global-header-display":"","ast-banner-title-visibility":"","ast-main-header-display":"","ast-hfb-above-header-display":"","ast-hfb-below-header-display":"","ast-hfb-mobile-header-display":"","site-post-title":"","ast-breadcrumbs-content":"","ast-featured-img":"","footer-sml-layout":"","theme-transparent-header-meta":"","adv-header-id-meta":"","stick-header-meta":"","header-above-stick-meta":"","header-main-stick-meta":"","header-below-stick-meta":"","astra-migrate-meta-layouts":"default","ast-page-background-enabled":"default","ast-page-background-meta":{"desktop":{"background-color":"var(--ast-global-color-4)","background-image":"","background-repeat":"repeat","background-position":"center center","background-size":"auto","background-attachment":"scroll","background-type":"","background-media":"","overlay-type":"","overlay-color":"","overlay-gradient":""},"tablet":{"background-color":"","background-image":"","background-repeat":"repeat","background-position":"center center","background-size":"auto","background-attachment":"scroll","background-type":"","background-media":"","overlay-type":"","overlay-color":"","overlay-gradient":""},"mobile":{"background-color":"","background-image":"","background-repeat":"repeat","background-position":"center center","background-size":"auto","background-attachment":"scroll","background-type":"","background-media":"","overlay-type":"","overlay-color":"","overlay-gradient":""}},"ast-content-background-meta":{"desktop":{"background-color":"var(--ast-global-color-5)","background-image":"","background-repeat":"repeat","background-position":"center center","background-size":"auto","background-attachment":"scroll","background-type":"","background-media":"","overlay-type":"","overlay-color":"","overlay-gradient":""},"tablet":{"background-color":"var(--ast-global-color-5)","background-image":"","background-repeat":"repeat","background-position":"center center","background-size":"auto","background-attachment":"scroll","background-type":"","background-media":"","overlay-type":"","overlay-color":"","overlay-gradient":""},"mobile":{"background-color":"var(--ast-global-color-5)","background-image":"","background-repeat":"repeat","background-position":"center center","background-size":"auto","background-attachment":"scroll","background-type":"","background-media":"","overlay-type":"","overlay-color":"","overlay-gradient":""}},"ngg_post_thumbnail":0,"footnotes":""},"class_list":["post-75","page","type-page","status-publish","hentry"],"_links":{"self":[{"href":"https:\/\/homemarketbymancheno.com\/ca\/wp-json\/wp\/v2\/pages\/75","targetHints":{"allow":["GET"]}}],"collection":[{"href":"https:\/\/homemarketbymancheno.com\/ca\/wp-json\/wp\/v2\/pages"}],"about":[{"href":"https:\/\/homemarketbymancheno.com\/ca\/wp-json\/wp\/v2\/types\/page"}],"author":[{"embeddable":true,"href":"https:\/\/homemarketbymancheno.com\/ca\/wp-json\/wp\/v2\/users\/1"}],"replies":[{"embeddable":true,"href":"https:\/\/homemarketbymancheno.com\/ca\/wp-json\/wp\/v2\/comments?post=75"}],"version-history":[{"count":47,"href":"https:\/\/homemarketbymancheno.com\/ca\/wp-json\/wp\/v2\/pages\/75\/revisions"}],"predecessor-version":[{"id":437,"href":"https:\/\/homemarketbymancheno.com\/ca\/wp-json\/wp\/v2\/pages\/75\/revisions\/437"}],"wp:attachment":[{"href":"https:\/\/homemarketbymancheno.com\/ca\/wp-json\/wp\/v2\/media?parent=75"}],"curies":[{"name":"wp","href":"https:\/\/api.w.org\/{rel}","templated":true}]}}