{"id":10,"date":"2023-11-05T14:07:33","date_gmt":"2023-11-05T14:07:33","guid":{"rendered":"https:\/\/homemarket.live-website.com\/?page_id=10"},"modified":"2023-12-22T19:11:54","modified_gmt":"2023-12-22T19:11:54","slug":"acerca-de","status":"publish","type":"page","link":"https:\/\/homemarketbymancheno.com\/ca\/acerca-de","title":{"rendered":"Sobre nosaltres"},"content":{"rendered":"<div data-elementor-type=\"wp-page\" data-elementor-id=\"10\" class=\"elementor elementor-10\">\n\t\t\t\t\t\t\t<div class=\"elementor-element elementor-element-16409bb8 e-flex e-con-boxed e-con e-parent\" data-id=\"16409bb8\" data-element_type=\"container\" data-settings=\"{&quot;content_width&quot;:&quot;boxed&quot;}\" data-core-v316-plus=\"true\">\n\t\t\t\t\t<div class=\"e-con-inner\">\n\t\t\t\t<div class=\"elementor-element elementor-element-bdaa30d elementor-widget elementor-widget-image\" data-id=\"bdaa30d\" data-element_type=\"widget\" data-widget_type=\"image.default\">\n\t\t\t\t<div class=\"elementor-widget-container\">\n\t\t\t<style>\/*! elementor - v3.18.0 - 20-12-2023 *\/\n.elementor-widget-image{text-align:center}.elementor-widget-image a{display:inline-block}.elementor-widget-image a img[src$=\".svg\"]{width:48px}.elementor-widget-image img{vertical-align:middle;display:inline-block}<\/style>\t\t\t\t\t\t\t\t\t\t\t\t<img fetchpriority=\"high\" decoding=\"async\" width=\"300\" height=\"300\" src=\"https:\/\/homemarketbymancheno.com\/wp-content\/uploads\/2023\/11\/LOGO-6b4-300x300.png\" class=\"attachment-medium size-medium wp-image-15\" alt=\"\" srcset=\"https:\/\/homemarketbymancheno.com\/wp-content\/uploads\/2023\/11\/LOGO-6b4-300x300.png 300w, https:\/\/homemarketbymancheno.com\/wp-content\/uploads\/2023\/11\/LOGO-6b4-150x150.png 150w, https:\/\/homemarketbymancheno.com\/wp-content\/uploads\/2023\/11\/LOGO-6b4-100x100.png 100w, https:\/\/homemarketbymancheno.com\/wp-content\/uploads\/2023\/11\/LOGO-6b4.png 500w\" sizes=\"(max-width: 300px) 100vw, 300px\" \/>\t\t\t\t\t\t\t\t\t\t\t\t\t\t\t<\/div>\n\t\t\t\t<\/div>\n\t\t\t\t<div class=\"elementor-element elementor-element-4cce833 elementor-widget elementor-widget-heading\" data-id=\"4cce833\" data-element_type=\"widget\" data-widget_type=\"heading.default\">\n\t\t\t\t<div class=\"elementor-widget-container\">\n\t\t\t<style>\/*! elementor - v3.18.0 - 20-12-2023 *\/\n.elementor-heading-title{padding:0;margin:0;line-height:1}.elementor-widget-heading .elementor-heading-title[class*=elementor-size-]>a{color:inherit;font-size:inherit;line-height:inherit}.elementor-widget-heading .elementor-heading-title.elementor-size-small{font-size:15px}.elementor-widget-heading .elementor-heading-title.elementor-size-medium{font-size:19px}.elementor-widget-heading .elementor-heading-title.elementor-size-large{font-size:29px}.elementor-widget-heading .elementor-heading-title.elementor-size-xl{font-size:39px}.elementor-widget-heading .elementor-heading-title.elementor-size-xxl{font-size:59px}<\/style><h2 class=\"elementor-heading-title elementor-size-medium\">Disseny i organitzaci\u00f3 de mercats a casa<\/h2>\t\t<\/div>\n\t\t\t\t<\/div>\n\t\t\t\t\t<\/div>\n\t\t\t\t<\/div>\n\t\t<div class=\"elementor-element elementor-element-fa8d582 animated-slow e-flex e-con-boxed elementor-invisible e-con e-parent\" data-id=\"fa8d582\" data-element_type=\"container\" data-settings=\"{&quot;animation&quot;:&quot;fadeIn&quot;,&quot;content_width&quot;:&quot;boxed&quot;}\" data-core-v316-plus=\"true\">\n\t\t\t\t\t<div class=\"e-con-inner\">\n\t\t\t\t<div class=\"elementor-element elementor-element-1cded7b elementor-widget elementor-widget-text-editor\" data-id=\"1cded7b\" data-element_type=\"widget\" data-widget_type=\"text-editor.default\">\n\t\t\t\t<div class=\"elementor-widget-container\">\n\t\t\t<style>\/*! elementor - v3.18.0 - 20-12-2023 *\/\n.elementor-widget-text-editor.elementor-drop-cap-view-stacked .elementor-drop-cap{background-color:#69727d;color:#fff}.elementor-widget-text-editor.elementor-drop-cap-view-framed .elementor-drop-cap{color:#69727d;border:3px solid;background-color:transparent}.elementor-widget-text-editor:not(.elementor-drop-cap-view-default) .elementor-drop-cap{margin-top:8px}.elementor-widget-text-editor:not(.elementor-drop-cap-view-default) .elementor-drop-cap-letter{width:1em;height:1em}.elementor-widget-text-editor .elementor-drop-cap{float:left;text-align:center;line-height:1;font-size:50px}.elementor-widget-text-editor .elementor-drop-cap-letter{display:inline-block}<\/style>\t\t\t\t<p><\/p>\t\t\t\t\t\t<\/div>\n\t\t\t\t<\/div>\n\t\t\t\t\t<\/div>\n\t\t\t\t<\/div>\n\t\t<div class=\"elementor-element elementor-element-dd6edfc e-flex e-con-boxed e-con e-parent\" data-id=\"dd6edfc\" data-element_type=\"container\" data-settings=\"{&quot;content_width&quot;:&quot;boxed&quot;}\" data-core-v316-plus=\"true\">\n\t\t\t\t\t<div class=\"e-con-inner\">\n\t\t\t\t<div class=\"elementor-element elementor-element-989170d elementor-widget elementor-widget-spacer\" data-id=\"989170d\" data-element_type=\"widget\" data-widget_type=\"spacer.default\">\n\t\t\t\t<div class=\"elementor-widget-container\">\n\t\t\t<style>\/*! elementor - v3.18.0 - 20-12-2023 *\/\n.elementor-column .elementor-spacer-inner{height:var(--spacer-size)}.e-con{--container-widget-width:100%}.e-con-inner>.elementor-widget-spacer,.e-con>.elementor-widget-spacer{width:var(--container-widget-width,var(--spacer-size));--align-self:var(--container-widget-align-self,initial);--flex-shrink:0}.e-con-inner>.elementor-widget-spacer>.elementor-widget-container,.e-con>.elementor-widget-spacer>.elementor-widget-container{height:100%;width:100%}.e-con-inner>.elementor-widget-spacer>.elementor-widget-container>.elementor-spacer,.e-con>.elementor-widget-spacer>.elementor-widget-container>.elementor-spacer{height:100%}.e-con-inner>.elementor-widget-spacer>.elementor-widget-container>.elementor-spacer>.elementor-spacer-inner,.e-con>.elementor-widget-spacer>.elementor-widget-container>.elementor-spacer>.elementor-spacer-inner{height:var(--container-widget-height,var(--spacer-size))}.e-con-inner>.elementor-widget-spacer.elementor-widget-empty,.e-con>.elementor-widget-spacer.elementor-widget-empty{position:relative;min-height:22px;min-width:22px}.e-con-inner>.elementor-widget-spacer.elementor-widget-empty .elementor-widget-empty-icon,.e-con>.elementor-widget-spacer.elementor-widget-empty .elementor-widget-empty-icon{position:absolute;top:0;bottom:0;left:0;right:0;margin:auto;padding:0;width:22px;height:22px}<\/style>\t\t<div class=\"elementor-spacer\">\n\t\t\t<div class=\"elementor-spacer-inner\"><\/div>\n\t\t<\/div>\n\t\t\t\t<\/div>\n\t\t\t\t<\/div>\n\t\t\t\t\t<\/div>\n\t\t\t\t<\/div>\n\t\t<div class=\"elementor-element elementor-element-fea70e2 animated-slow e-flex e-con-boxed elementor-invisible e-con e-parent\" data-id=\"fea70e2\" data-element_type=\"container\" data-settings=\"{&quot;animation&quot;:&quot;fadeIn&quot;,&quot;content_width&quot;:&quot;boxed&quot;}\" data-core-v316-plus=\"true\">\n\t\t\t\t\t<div class=\"e-con-inner\">\n\t\t\t\t<div class=\"elementor-element elementor-element-29882b5 elementor-widget elementor-widget-text-editor\" data-id=\"29882b5\" data-element_type=\"widget\" data-widget_type=\"text-editor.default\">\n\t\t\t\t<div class=\"elementor-widget-container\">\n\t\t\t\t\t\t\t\u00bfQui\u00e9n hay detr\u00e1s de Home Market?\t\t\t\t\t\t<\/div>\n\t\t\t\t<\/div>\n\t\t\t\t\t<\/div>\n\t\t\t\t<\/div>\n\t\t<div class=\"elementor-element elementor-element-c81f6d2 animated-slow e-flex e-con-boxed elementor-invisible e-con e-parent\" data-id=\"c81f6d2\" data-element_type=\"container\" data-settings=\"{&quot;animation&quot;:&quot;fadeIn&quot;,&quot;content_width&quot;:&quot;boxed&quot;}\" data-core-v316-plus=\"true\">\n\t\t\t\t\t<div class=\"e-con-inner\">\n\t\t<div class=\"elementor-element elementor-element-c6ecd71 e-con-full e-flex e-con e-child\" data-id=\"c6ecd71\" data-element_type=\"container\" data-settings=\"{&quot;content_width&quot;:&quot;full&quot;}\">\n\t\t\t\t<div class=\"elementor-element elementor-element-5e9f4d5 elementor-widget elementor-widget-image\" data-id=\"5e9f4d5\" data-element_type=\"widget\" data-widget_type=\"image.default\">\n\t\t\t\t<div class=\"elementor-widget-container\">\n\t\t\t\t\t\t\t\t\t\t\t\t\t\t\t<img decoding=\"async\" width=\"768\" height=\"1024\" src=\"https:\/\/homemarketbymancheno.com\/wp-content\/uploads\/2023\/11\/1387ee_c4eed740029e48e9a5864a99ae52504dmv2-768x1024.png\" class=\"attachment-large size-large wp-image-154\" alt=\"\" srcset=\"https:\/\/homemarketbymancheno.com\/wp-content\/uploads\/2023\/11\/1387ee_c4eed740029e48e9a5864a99ae52504dmv2-768x1025.png 768w, https:\/\/homemarketbymancheno.com\/wp-content\/uploads\/2023\/11\/1387ee_c4eed740029e48e9a5864a99ae52504dmv2-225x300.png 225w, https:\/\/homemarketbymancheno.com\/wp-content\/uploads\/2023\/11\/1387ee_c4eed740029e48e9a5864a99ae52504dmv2.png 1012w\" sizes=\"(max-width: 768px) 100vw, 768px\" \/>\t\t\t\t\t\t\t\t\t\t\t\t\t\t\t<\/div>\n\t\t\t\t<\/div>\n\t\t\t\t<\/div>\n\t\t<div class=\"elementor-element elementor-element-e5386bd e-con-full e-flex e-con e-child\" data-id=\"e5386bd\" data-element_type=\"container\" data-settings=\"{&quot;content_width&quot;:&quot;full&quot;}\">\n\t\t\t\t<div class=\"elementor-element elementor-element-2e075e09 elementor-widget elementor-widget-text-editor\" data-id=\"2e075e09\" data-element_type=\"widget\" data-widget_type=\"text-editor.default\">\n\t\t\t\t<div class=\"elementor-widget-container\">\n\t\t\t\t\t\t\t<p style=\"font-size: 18px; color: black;\"><span style=\"color: #333333;\"><strong>Vicente Manche\u00f1o<\/strong>, <a style=\"color: #333333;\" href=\"https:\/\/www.xn--vicentemancheo-2nb.com\/\"><span style=\"text-decoration: underline;\"><span><strong>expert en protocol i cerim\u00f2nia<\/strong><\/span><\/span><\/a>, es dedica a l'ensenyament a Hostaleria des de fa m\u00e9s de 30 anys, concretament com a Professor de Sala. Vicente \u00e9s un enamorat de la seva professi\u00f3 i es desviu per inculcar en els seus alumnes aquesta passi\u00f3 pel disseny i muntatge de taules i sales, preparades amb cura i delicadesa. D'aquesta manera aconsegueix que els clients potencials gaudeixin molt m\u00e9s la seva experi\u00e8ncia gastron\u00f2mica<\/span><\/p><p style=\"font-size: 18px; color: black;\"><span style=\"color: #333333;\">Des de fa uns quants anys, Vicente va decidir donar una segona oportunitat als seus muntatges a <strong>peces \u00faniques, elegants, vintage<\/strong>, procedents d'amics o companys que ja no sabien qu\u00e8 fer amb aquelles copes o plats desaparellats o amb aquell gerro que era a la casa heretada dels seus avis.<\/span><\/p><p style=\"font-size: 18px; color: black;\"><span style=\"color: #333333;\">A les mans, aquests objectes adquireixen un nou protagonisme, una nova vida. I per aix\u00f2 va n\u00e9ixer la idea de Home Market, per<strong> reciclar i donar aquesta segona oportunitat<\/strong> a vaixelles, cristalleries, mobles, estovalles, gerros, etc. Objectes que ja no tenen encaix a la nostra vida per\u00f2 que segueixen conservant la seva bellesa.<\/span><\/p><p style=\"font-size: 18px; color: black;\"><span style=\"color: #333333;\">Home Market, con la direcci\u00f3n de Vicente Manche\u00f1o, es un claro ejemplo de c\u00f3mo aunar la ilusi\u00f3n por un proyecto pionero, el gusto por el trabajo bien hecho hasta el m\u00e1s m\u00ednimo detalle y el reciclaje de piezas que, de otro modo, acabar\u00edan en un contenedor de bas<\/span>ura.<\/p>\t\t\t\t\t\t<\/div>\n\t\t\t\t<\/div>\n\t\t\t\t<\/div>\n\t\t\t\t\t<\/div>\n\t\t\t\t<\/div>\n\t\t\t\t\t\t\t<\/div>","protected":false},"excerpt":{"rendered":"<p>Dise\u00f1o y organizaci\u00f3n de mercadillos en casa \u00bfQui\u00e9n hay detr\u00e1s de Home Market? Vicente Manche\u00f1o, experto en Protocolo y Ceremonia, se dedica a la ense\u00f1anza en Hosteler\u00eda desde hace m\u00e1s de 30 a\u00f1os, concretamente como Profesor de Sala. Vicente es un enamorado de su profesi\u00f3n y se desvive por inculcar en sus alumnos esa pasi\u00f3n &hellip;<\/p>\n<p class=\"read-more\"> <a class=\"\" href=\"https:\/\/homemarketbymancheno.com\/ca\/acerca-de\"> <span class=\"screen-reader-text\">Sobre nosaltres<\/span> Llegeix m\u00e9s &raquo;<\/a><\/p>","protected":false},"author":1,"featured_media":0,"parent":0,"menu_order":1,"comment_status":"closed","ping_status":"closed","template":"","meta":{"site-sidebar-layout":"default","site-content-layout":"","ast-site-content-layout":"","site-content-style":"default","site-sidebar-style":"default","ast-global-header-display":"","ast-banner-title-visibility":"","ast-main-header-display":"","ast-hfb-above-header-display":"","ast-hfb-below-header-display":"","ast-hfb-mobile-header-display":"","site-post-title":"","ast-breadcrumbs-content":"","ast-featured-img":"","footer-sml-layout":"","theme-transparent-header-meta":"","adv-header-id-meta":"","stick-header-meta":"","header-above-stick-meta":"","header-main-stick-meta":"","header-below-stick-meta":"","astra-migrate-meta-layouts":"default","ast-page-background-enabled":"default","ast-page-background-meta":{"desktop":{"background-color":"var(--ast-global-color-4)","background-image":"","background-repeat":"repeat","background-position":"center center","background-size":"auto","background-attachment":"scroll","background-type":"","background-media":"","overlay-type":"","overlay-color":"","overlay-gradient":""},"tablet":{"background-color":"","background-image":"","background-repeat":"repeat","background-position":"center center","background-size":"auto","background-attachment":"scroll","background-type":"","background-media":"","overlay-type":"","overlay-color":"","overlay-gradient":""},"mobile":{"background-color":"","background-image":"","background-repeat":"repeat","background-position":"center center","background-size":"auto","background-attachment":"scroll","background-type":"","background-media":"","overlay-type":"","overlay-color":"","overlay-gradient":""}},"ast-content-background-meta":{"desktop":{"background-color":"var(--ast-global-color-5)","background-image":"","background-repeat":"repeat","background-position":"center center","background-size":"auto","background-attachment":"scroll","background-type":"","background-media":"","overlay-type":"","overlay-color":"","overlay-gradient":""},"tablet":{"background-color":"var(--ast-global-color-5)","background-image":"","background-repeat":"repeat","background-position":"center center","background-size":"auto","background-attachment":"scroll","background-type":"","background-media":"","overlay-type":"","overlay-color":"","overlay-gradient":""},"mobile":{"background-color":"var(--ast-global-color-5)","background-image":"","background-repeat":"repeat","background-position":"center center","background-size":"auto","background-attachment":"scroll","background-type":"","background-media":"","overlay-type":"","overlay-color":"","overlay-gradient":""}},"ngg_post_thumbnail":0,"footnotes":""},"class_list":["post-10","page","type-page","status-publish","hentry"],"_links":{"self":[{"href":"https:\/\/homemarketbymancheno.com\/ca\/wp-json\/wp\/v2\/pages\/10","targetHints":{"allow":["GET"]}}],"collection":[{"href":"https:\/\/homemarketbymancheno.com\/ca\/wp-json\/wp\/v2\/pages"}],"about":[{"href":"https:\/\/homemarketbymancheno.com\/ca\/wp-json\/wp\/v2\/types\/page"}],"author":[{"embeddable":true,"href":"https:\/\/homemarketbymancheno.com\/ca\/wp-json\/wp\/v2\/users\/1"}],"replies":[{"embeddable":true,"href":"https:\/\/homemarketbymancheno.com\/ca\/wp-json\/wp\/v2\/comments?post=10"}],"version-history":[{"count":70,"href":"https:\/\/homemarketbymancheno.com\/ca\/wp-json\/wp\/v2\/pages\/10\/revisions"}],"predecessor-version":[{"id":461,"href":"https:\/\/homemarketbymancheno.com\/ca\/wp-json\/wp\/v2\/pages\/10\/revisions\/461"}],"wp:attachment":[{"href":"https:\/\/homemarketbymancheno.com\/ca\/wp-json\/wp\/v2\/media?parent=10"}],"curies":[{"name":"wp","href":"https:\/\/api.w.org\/{rel}","templated":true}]}}